{"id":516,"date":"2017-11-06T16:44:47","date_gmt":"2017-11-07T00:44:47","guid":{"rendered":"https:\/\/help-me-grow-yolo-county.local\/?page_id=516"},"modified":"2024-01-30T15:34:10","modified_gmt":"2024-01-30T23:34:10","slug":"resources","status":"publish","type":"page","link":"https:\/\/helpmegrowyolo.org\/es\/resources","title":{"rendered":"Recursos y eventos comunitarios"},"content":{"rendered":"<h3 class=\"wp-block-heading\">Calendario comunitario <\/h3>\n\n\n\n<p><em>Eventos locales gratuitos para ni\u00f1os peque\u00f1os y sus familias<\/em><\/p>\n\n\n\n<pre class=\"wp-block-preformatted ng-binding\"><br><div data-tockify-calendar=\"helpmegrowcommunity\" data-tockify-component=\"calendar\"><\/div><script type='text\/javascript'>if (window._tkf && window._tkf.loadDeclaredCalendars) {window._tkf.loadDeclaredCalendars();}<\/script><\/pre>\n\n\n\n<h4 class=\"wp-block-heading\">PARA APRENDER M\u00c1S SOBRE C\u00d3MO APOYAR A LOS NI\u00d1OS Y LAS FAMILIAS Y CONSTRUIR UNA COMUNIDAD M\u00c1S FUERTE, VISITA  STRONG FAMILIES YOLO. <a href=\"https:\/\/www.strongfamiliesyolo.org\/\">Strong Families Yolo<\/a>.<\/h4>\n\n\n\n<p><\/p>\n\n\n\n<h3 class=\"wp-block-heading\">Check out our Activities!  <\/h3>\n\n\n\n<p>Estas actividades son geniales para ni\u00f1os y familias. Si tienes alguna pregunta, llama al 844-410-4769 (GROW)<\/p>\n\n\n\n<div class=\"wp-block-buttons is-layout-flex wp-block-buttons-is-layout-flex\">\n<div class=\"wp-block-button\"><a class=\"wp-block-button__link has-vivid-cyan-blue-background-color has-background wp-element-button\" href=\"https:\/\/sites.google.com\/ctchelpskids.org\/activityideas\">Aprende m\u00e1s<\/a><\/div>\n\n\n\n<div class=\"wp-block-button is-style-fill\"><a class=\"wp-block-button__link has-vivid-cyan-blue-background-color has-background wp-element-button\" href=\"https:\/\/sites.google.com\/ctchelpskids.org\/actividades-de-primavera-hmgyc\/home\">Aprende m\u00e1s<\/a><\/div>\n<\/div>\n\n\n\n<p><\/p>\n\n\n\n<hr class=\"wp-block-separator has-alpha-channel-opacity\"\/>\n\n\n\n<p><\/p>\n\n\n\n<h2 class=\"wp-block-heading has-text-align-left\">RECURSOS DE DESARROLLO EN L\u00cdNEA<\/h2>\n\n\n\n<p><em>Las especialistas en desarrollo que tenemos en el personal recopilan continuamente actividades y herramientas que los padres pueden usar en casa para apoyar el crecimiento y el aprendizaje de sus ni\u00f1os. A continuaci\u00f3n se muestran enlaces para algunos de nuestros favoritos:<\/em><\/p>\n\n\n\n<h4 class=\"wp-block-heading\">APLICACI\u00d3N DE SEGUIMIENTO DE HITOS DE DESARROLLO DEL CENTRO PARA EL CONTROL Y LA PREVENCI\u00d3N DE ENFERMEDADES<\/h4>\n\n\n\n<figure class=\"wp-block-image size-large is-resized\"><img fetchpriority=\"high\" decoding=\"async\" width=\"324\" height=\"243\" src=\"http:\/\/helpmegrowyolo.org\/wp-content\/uploads\/CDC_Graphic_72dpi-3x4.jpg\" alt=\"\" class=\"wp-image-603\" style=\"width:324px;height:243px\" srcset=\"https:\/\/helpmegrowyolo.org\/wp-content\/uploads\/CDC_Graphic_72dpi-3x4.jpg 324w, https:\/\/helpmegrowyolo.org\/wp-content\/uploads\/CDC_Graphic_72dpi-3x4-300x225.jpg 300w\" sizes=\"(max-width: 324px) 100vw, 324px\" \/><\/figure>\n\n\n\n<p>\u00a1Los hitos importan! Realice un seguimiento de los hitos de su ni\u00f1o desde los 2 meses hasta los 5 a\u00f1os con las listas de verificaci\u00f3n ilustradas f\u00e1ciles de usar de los CDC; obtenga consejos de los CDC para fomentar el desarrollo de su ni\u00f1o; y descubra qu\u00e9 hacer si alguna vez le preocupa c\u00f3mo se est\u00e1 desarrollando su ni\u00f1o.<\/p>\n\n\n\n<div class=\"wp-block-buttons is-layout-flex wp-block-buttons-is-layout-flex\">\n<div class=\"wp-block-button\"><a class=\"wp-block-button__link has-vivid-cyan-blue-background-color has-background wp-element-button\" href=\"https:\/\/www.cdc.gov\/ncbddd\/actearly\/milestones-app.html\">Aprende m\u00e1s<\/a><\/div>\n<\/div>\n\n\n\n<p><\/p>\n\n\n\n<h4 class=\"wp-block-heading\">Center on the Social and Emotional Foundations for Early Learning<\/h4>\n\n\n\n<figure class=\"wp-block-image size-large\"><img decoding=\"async\" width=\"623\" height=\"210\" src=\"http:\/\/helpmegrowyolo.org\/wp-content\/uploads\/0be0bf1f788812240f0f7011a3bf9499.png\" alt=\"\" class=\"wp-image-848\" srcset=\"https:\/\/helpmegrowyolo.org\/wp-content\/uploads\/0be0bf1f788812240f0f7011a3bf9499.png 623w, https:\/\/helpmegrowyolo.org\/wp-content\/uploads\/0be0bf1f788812240f0f7011a3bf9499-300x101.png 300w\" sizes=\"(max-width: 623px) 100vw, 623px\" \/><\/figure>\n\n\n\n<p>El Center on the Social and Emotional Foundations for Early Learning (CSEFEL) se centra en promover el desarrollo socioemocional y la preparaci\u00f3n escolar de ni\u00f1os peque\u00f1os desde el nacimiento hasta los cinco a\u00f1os. Las familias pueden encontrar una variedad de herramientas familiares en ingl\u00e9s y espa\u00f1ol que van desde ense\u00f1ar a su ni\u00f1o a identificar y expresar emociones hasta cooperar con las solicitudes. <a href=\"http:\/\/csefel.vanderbilt.edu\/resources\/family.html\">Family Tools<\/a> en ingl\u00c3\u00a9s y espa\u00c3\u00b1ol que van desde ense\u00c3\u00b1ar a su hijo a: identificar y expresar emociones, y cooperar con las peticiones.<\/p>\n\n\n\n<div class=\"wp-block-buttons is-layout-flex wp-block-buttons-is-layout-flex\">\n<div class=\"wp-block-button\"><a class=\"wp-block-button__link has-vivid-cyan-blue-background-color has-background wp-element-button\" href=\"http:\/\/csefel.vanderbilt.edu\/resources\/family.html\">Aprende m\u00e1s<\/a><\/div>\n<\/div>\n\n\n\n<p><\/p>\n\n\n\n<h4 class=\"wp-block-heading has-text-align-left\">&nbsp;<strong>\u00bfBUSCAS RECURSOS FUERA DEL CONDADO DE YOLO?<\/strong><\/h4>\n\n\n\n\n\n\n<h2 class=\"wp-block-heading\"><span style=\"color: #0000ff;\"><mark style=\"background-color:rgba(0, 0, 0, 0)\" class=\"has-inline-color has-black-color\">PARA INFORMACI\u00d3N ADICIONAL LLAME... 844-410-4769<\/mark><\/span><\/h2>\n\n\n\n<p><em>Here at Help Me Grow Yolo and The Northern California Children&#8217;s Therapy Center we strive to be up-to-date on what is available for our community.\u00a0 If you have information about additional resources available in Yolo County please email us at<strong> information@helpmegrowyolo.org<\/strong> para que podamos a\u00c3\u00b1adir el evento a nuestro calendario de la comunidad.<\/em><\/p>","protected":false},"excerpt":{"rendered":"<p>Community Calendar Free, Local Events for Young Children and Their Families To learn more about how to support children and families and build a stronger community visit Strong Families Yolo. Check out our Activities! These activities are great for our children and families. If you have any questions please call 844-410-GROW Online Developmental Resources The developmental specialist we have on staff are continuously collecting activities and tools that parents can use at home to support their child&#8217;s&#8217; growing and learning. Below are links to some of our favorites: Center for Disease Control and Prevention&#8217;s Milestone Tracker App Milestones matter! Track your child&#8217;s milestones from age 2 months to 5 years with CDC&#8217;s easy-to-use illustrated checklists; get tips from CDC for encouraging your child&#8217;s development; and find out what to do if you are ever concerned about how your child is developing. Center on the Social and Emotional Foundations for Early&hellip;<\/p>\n<p> <a class=\"more-link\" href=\"https:\/\/helpmegrowyolo.org\/es\/resources\">Leer m\u00e1s<\/a><\/p>","protected":false},"author":2,"featured_media":1214,"parent":0,"menu_order":0,"comment_status":"closed","ping_status":"closed","template":"","meta":{"_monsterinsights_skip_tracking":false,"_monsterinsights_sitenote_active":false,"_monsterinsights_sitenote_note":"","_monsterinsights_sitenote_category":0,"footnotes":""},"class_list":["post-516","page","type-page","status-publish","has-post-thumbnail"],"_links":{"self":[{"href":"https:\/\/helpmegrowyolo.org\/es\/wp-json\/wp\/v2\/pages\/516","targetHints":{"allow":["GET"]}}],"collection":[{"href":"https:\/\/helpmegrowyolo.org\/es\/wp-json\/wp\/v2\/pages"}],"about":[{"href":"https:\/\/helpmegrowyolo.org\/es\/wp-json\/wp\/v2\/types\/page"}],"author":[{"embeddable":true,"href":"https:\/\/helpmegrowyolo.org\/es\/wp-json\/wp\/v2\/users\/2"}],"replies":[{"embeddable":true,"href":"https:\/\/helpmegrowyolo.org\/es\/wp-json\/wp\/v2\/comments?post=516"}],"version-history":[{"count":10,"href":"https:\/\/helpmegrowyolo.org\/es\/wp-json\/wp\/v2\/pages\/516\/revisions"}],"predecessor-version":[{"id":1332,"href":"https:\/\/helpmegrowyolo.org\/es\/wp-json\/wp\/v2\/pages\/516\/revisions\/1332"}],"wp:featuredmedia":[{"embeddable":true,"href":"https:\/\/helpmegrowyolo.org\/es\/wp-json\/wp\/v2\/media\/1214"}],"wp:attachment":[{"href":"https:\/\/helpmegrowyolo.org\/es\/wp-json\/wp\/v2\/media?parent=516"}],"curies":[{"name":"wp","href":"https:\/\/api.w.org\/{rel}","templated":true}]}}