{"id":32,"date":"2016-05-14T17:42:44","date_gmt":"2016-05-14T17:42:44","guid":{"rendered":"https:\/\/help-me-grow-yolo-county.local\/?page_id=32"},"modified":"2026-01-02T14:08:53","modified_gmt":"2026-01-02T22:08:53","slug":"for-healthcare-providers","status":"publish","type":"page","link":"https:\/\/helpmegrowyolo.org\/es\/for-healthcare-providers","title":{"rendered":"Para proveedores de salud"},"content":{"rendered":"<p>Whether your practice implements developmental screenings or you are interested in beginning to implement developmental screenings, Help Me Grow Yolo is here to support you. Help Me Grow Yolo is a free service available for all families with children 0-5 and the individuals working with them. Healthcare Providers have an irreplaceable role when discussing developmental concerns and supporting families in seeking assistance. However, healthcare providers may be pressed for time and unable search for non-medical resources for patients and\/or may need additional support for at-risk families in the community.&nbsp;Whatever your situation Help Me Grow is here to help.<\/p>\n\n\n\n<p><\/p>\n\n\n\n<p>La Academia Americana de Pediatr\u00eda (AAP) recomienda que los ex\u00e1menes de desarrollo se lleven a cabo como m\u00ednimo, peri\u00f3dicamente a los 9, 18 y 30 meses. Esto incluye la vigilancia de desarrollo contin\u00faa, otras evaluaciones m\u00e9dicas y de desarrollo si los retardos son identificados, y la intervenci\u00f3n de desarrollo temprana. Help Me Grow Yolo puede ayudarte a cumplir con estas recomendaciones.<\/p>\n\n\n\n<p><\/p>\n\n\n\n<h3 class=\"wp-block-heading\">Maneras de Help Me Grow puede trabajar con su agencia:<\/h3>\n\n\n\n<h4 class=\"wp-block-heading\">SI TU CONSULTORIO UTILIZA CUESTIONARIOS  DE DESARROLLO, HELP ME GROW PUEDE AYUDAR CON:<\/h4>\n\n\n\n<ul class=\"wp-block-list\">\n<li>Asistencia de seguimiento (referidos, recursos, apoyo continuo) para que las familias se conecten a los servicios<\/li>\n\n\n\n<li>Asistencia para la inscripci\u00f3n para servicios<\/li>\n\n\n\n<li>Informaci\u00f3n sobre crianza de los ni\u00f1os, bienestar infantil y otros temas (ej: hojas de consejos para padres)<\/li>\n\n\n\n<li>Proporcionar un acceso f\u00e1cil a un cuestionario de desarrollo en l\u00ednea o copia impresa.<\/li>\n\n\n\n<li>Trabajar con pacientes que necesiten monitoreo entre los chequeos de ni\u00f1o sano  y, con el permiso del cliente, enviarte los resultados.<\/li>\n<\/ul>\n\n\n\n<h4 class=\"wp-block-heading\">SI EN TU CONSULTORIO NO SE UTILIZAN LOS CUESTIONARIOS  DE DESARROLLO, ADEM\u00c1S DE LOS PUNTOS  ENUMERADOS ANTERIORMENTE, HELP ME GROW YOLO PUEDE AYUDAR CON:<\/h4>\n\n\n\n<ul class=\"wp-block-list\">\n<li>Incorporar la vigilancia en las visitas de ni\u00f1os y ni\u00f1as, incluidas las herramientas para:\n<ul class=\"wp-block-list\">\n<li>Suscitar preocupaciones de los padres<\/li>\n\n\n\n<li>Documentar y mantener un historial de desarrollo<\/li>\n\n\n\n<li>Identificaci\u00f3n de riesgos y factores protectores<\/li>\n<\/ul>\n<\/li>\n\n\n\n<li>Realizaci\u00f3n de cuestionarios de desarrollo<\/li>\n\n\n\n<li>Establecimiento de un proceso de cribado formal<\/li>\n<\/ul>\n\n\n\n<h4 class=\"wp-block-heading\">C\u00d3MO PUEDES PERMITIR  A HELP ME GROW YOLO APOYAR A TUS FAMILIAS Y PERSONAL:<\/h4>\n\n\n\n<ul class=\"wp-block-list\">\n<li>Distribute the Help Me Grow flier (eg : display extra copies in the lobby, share as part of a welcome package for the agency, exhibit during outreach events in the community)<\/li>\n\n\n\n<li>Solicita capacitaci\u00f3n para tu personal (en relaci\u00f3n con el programa Help Me Grow o desarrollo general de la ni\u00f1ez\/hitos)<\/li>\n\n\n\n<li>Envia una forma de referencia en nombre de una familia que piensas que se beneficiari\u00ada de los servicios Help Me Grow Yolo<\/li>\n\n\n\n<li>Incluir a  Help Me Grow Yolo en materiales relacionados con los recursos y programas comunitarios<\/li>\n\n\n\n<li>Solicitando informaci\u00f3n sobre encuestas de desarrollo para uso en tu consultorio<\/li>\n<\/ul>\n\n\n\n<p><\/p>\n\n\n\n<h3 class=\"wp-block-heading\">PROCESO DE REFERENCIA A HELP ME GROW YOLO<\/h3>\n\n\n\n<figure class=\"wp-block-image size-large is-resized\"><img fetchpriority=\"high\" decoding=\"async\" width=\"574\" height=\"501\" src=\"http:\/\/helpmegrowyolo.org\/wp-content\/uploads\/Healthcare-Provider-Referral-Process-HMGYC-website-2021.png\" alt=\"\" class=\"wp-image-957\" style=\"width:748px;height:653px\" srcset=\"https:\/\/helpmegrowyolo.org\/wp-content\/uploads\/Healthcare-Provider-Referral-Process-HMGYC-website-2021.png 574w, https:\/\/helpmegrowyolo.org\/wp-content\/uploads\/Healthcare-Provider-Referral-Process-HMGYC-website-2021-300x262.png 300w, https:\/\/helpmegrowyolo.org\/wp-content\/uploads\/Healthcare-Provider-Referral-Process-HMGYC-website-2021-14x12.png 14w\" sizes=\"(max-width: 574px) 100vw, 574px\" \/><\/figure>\n\n\n\n<p>Despu\u00e9s de recibir una referencia de un proveedor de atenci\u00f3n m\u00e9dica, nos ponemos en contacto con la familia, les ofrecemos una encuesta de desarrollo, compartimos recursos y ayudamos a contestar cualquier otra pregunta que tengan. Help Me Grow Yolo har\u00e1 un seguimiento con la familia para ver si la familia fue capaz de utilizar los recursos y, si es necesario, ayudarles a encontrar recursos alternativos que pueden estar buscando. Help Me Grow Yolo notificar\u00e1 al proveedor, despu\u00e9s de que inicialmente contactemos a la familia. Te haremos saber si una familia se inscribi\u00f3, rechaz\u00f3 los servicios, o si no pudimos contactar a la familia. Tambi\u00e9n te daremos una actualizaci\u00f3n despu\u00e9s de hacer un seguimiento con la familia. Adem\u00e1s, te enviaremos por fax una copia de los resultados de los cuestionarios de desarrollo  cada vez que una familia completa una, siempre y cuando tengamos permiso de la familia.<\/p>\n\n\n\n<div class=\"wp-block-buttons is-layout-flex wp-block-buttons-is-layout-flex\">\n<div class=\"wp-block-button\"><a class=\"wp-block-button__link has-background wp-element-button\" href=\"https:\/\/a118873.socialsolutionsportal.com\/apricot-intake\/73430a4c-eea5-4069-8c03-0db656c9ffa6\" style=\"background-color:#15b2f0\">\u00a1Refiere a una familia hoy!<\/a><\/div>\n<\/div>","protected":false},"excerpt":{"rendered":"<p>Whether your practice implements developmental screenings or you are interested in beginning to implement developmental screenings, Help Me Grow Yolo is here to support you. Help Me Grow Yolo is a free service available for all families with children 0-5 and the individuals working with them. Healthcare Providers have an irreplaceable role when discussing developmental concerns and supporting families in seeking assistance. However, healthcare providers may be pressed for time and unable search for non-medical resources for patients and\/or may need additional support for at-risk families in the community.&nbsp;Whatever your situation Help Me Grow is here to help. The American Academy of Pediatrics (AAP) recommends developmental screenings be conducted at a minimum, periodically at 9, 18, and 24 months. This included continuous developmental surveillance, further medical and developmental evaluations if delays identified, and early developmental intervention. Help Me Grow can assist your practice to meet these recommendations. Ways Help Me&hellip;<\/p>\n<p> <a class=\"more-link\" href=\"https:\/\/helpmegrowyolo.org\/es\/for-healthcare-providers\">Leer m\u00e1s<\/a><\/p>","protected":false},"author":2,"featured_media":1209,"parent":0,"menu_order":0,"comment_status":"closed","ping_status":"closed","template":"","meta":{"_monsterinsights_skip_tracking":false,"_monsterinsights_sitenote_active":false,"_monsterinsights_sitenote_note":"","_monsterinsights_sitenote_category":0,"footnotes":""},"class_list":["post-32","page","type-page","status-publish","has-post-thumbnail"],"_links":{"self":[{"href":"https:\/\/helpmegrowyolo.org\/es\/wp-json\/wp\/v2\/pages\/32","targetHints":{"allow":["GET"]}}],"collection":[{"href":"https:\/\/helpmegrowyolo.org\/es\/wp-json\/wp\/v2\/pages"}],"about":[{"href":"https:\/\/helpmegrowyolo.org\/es\/wp-json\/wp\/v2\/types\/page"}],"author":[{"embeddable":true,"href":"https:\/\/helpmegrowyolo.org\/es\/wp-json\/wp\/v2\/users\/2"}],"replies":[{"embeddable":true,"href":"https:\/\/helpmegrowyolo.org\/es\/wp-json\/wp\/v2\/comments?post=32"}],"version-history":[{"count":10,"href":"https:\/\/helpmegrowyolo.org\/es\/wp-json\/wp\/v2\/pages\/32\/revisions"}],"predecessor-version":[{"id":1408,"href":"https:\/\/helpmegrowyolo.org\/es\/wp-json\/wp\/v2\/pages\/32\/revisions\/1408"}],"wp:featuredmedia":[{"embeddable":true,"href":"https:\/\/helpmegrowyolo.org\/es\/wp-json\/wp\/v2\/media\/1209"}],"wp:attachment":[{"href":"https:\/\/helpmegrowyolo.org\/es\/wp-json\/wp\/v2\/media?parent=32"}],"curies":[{"name":"wp","href":"https:\/\/api.w.org\/{rel}","templated":true}]}}